{"id":871,"date":"2024-07-23T15:32:15","date_gmt":"2024-07-23T15:32:15","guid":{"rendered":"https:\/\/traildellemura.run\/pathways\/"},"modified":"2024-11-13T16:35:40","modified_gmt":"2024-11-13T16:35:40","slug":"pathways","status":"publish","type":"page","link":"https:\/\/traildellemura.run\/en\/pathways\/","title":{"rendered":"Pathways"},"content":{"rendered":"<p><div class=\"fusion-fullwidth fullwidth-box fusion-builder-row-1 fusion-flex-container has-pattern-background has-mask-background nonhundred-percent-fullwidth non-hundred-percent-height-scrolling\" style=\"--awb-border-radius-top-left:0px;--awb-border-radius-top-right:0px;--awb-border-radius-bottom-right:0px;--awb-border-radius-bottom-left:0px;--awb-padding-top:80px;--awb-flex-wrap:wrap;\" ><div class=\"fusion-builder-row fusion-row fusion-flex-align-items-flex-start fusion-flex-content-wrap\" style=\"max-width:1248px;margin-left: calc(-4% \/ 2 );margin-right: calc(-4% \/ 2 );\"><div class=\"fusion-layout-column fusion_builder_column fusion-builder-column-0 fusion_builder_column_1_1 1_1 fusion-flex-column\" style=\"--awb-bg-size:cover;--awb-width-large:100%;--awb-margin-top-large:0px;--awb-spacing-right-large:1.92%;--awb-margin-bottom-large:20px;--awb-spacing-left-large:1.92%;--awb-width-medium:100%;--awb-order-medium:0;--awb-spacing-right-medium:1.92%;--awb-spacing-left-medium:1.92%;--awb-width-small:100%;--awb-order-small:0;--awb-spacing-right-small:1.92%;--awb-spacing-left-small:1.92%;\"><div class=\"fusion-column-wrapper fusion-column-has-shadow fusion-flex-justify-content-flex-start fusion-content-layout-column\"><div class=\"fusion-title title fusion-title-1 fusion-sep-none fusion-title-text fusion-title-size-one\" style=\"--awb-margin-top-small:10px;--awb-margin-right-small:0px;--awb-margin-bottom-small:10px;--awb-margin-left-small:0px;\"><h1 class=\"fusion-title-heading title-heading-left\" style=\"margin:0;\"><strong>THE PATH.<\/strong><\/h1><\/div><div class=\"fusion-title title fusion-title-2 fusion-sep-none fusion-title-text fusion-title-size-two\" style=\"--awb-margin-top-small:10px;--awb-margin-right-small:0px;--awb-margin-bottom-small:10px;--awb-margin-left-small:0px;\"><h2 class=\"fusion-title-heading title-heading-left\" style=\"margin:0;\">ASICS Trail of the Walls &#8211; competitive<\/h2><\/div><div class=\"fusion-text fusion-text-1 fusion-text-no-margin\" style=\"--awb-margin-bottom:20px;\"><p>The event is included in the national calendar of the Italian Athletics Federation.<\/p>\n<p><strong>17 km along the walls of Verona<\/strong>, touching on the city&#8217;s most striking sites.<\/p>\n<p>An exciting route that will wind its way through the streets of Verona&#8217;s historic center and its many landmarks and along the hills that close the city to the north, the Torricelle, toresele in Veronese dialect. A <strong>combination of history and sport<\/strong>, in an itinerary with paved roads alternating with unpaved sections, steps and paths. A unique test that will take you to appreciate the city of Verona, its monuments and its river.<\/p>\n<p>The event will take place on <strong>Saturday, August 31, 2024<\/strong>, starting at 8:30 pm.<\/p>\n<\/div><div class=\"fusion-text fusion-text-2\" style=\"--awb-text-transform:none;--awb-margin-top:20px;\"><p>The route fully reflects what are the characteristics of an <strong>urban trail<\/strong>: a first part a couple of kilometers long, drawn within the historic center, starting from the Basilica of San Zeno, crossing Castelvecchio and its bridge over the Adige River and ending in San Giorgio in Braida. A second part that will take competitors first through Austrian lasagna, paved with cobblestones and stones with rather steep sections.<\/p>\n<p>A descent through the olive groves in Valpantena towards Quinto will take the competitors on the Castellana, which is traveled all the way to Castel San Felice and then down the outside of the Walls to the Don Calabria opera and back up inside the <strong>splendid Walls Park, a UNESCO World Heritage Site.<\/strong> In the third part of the route, having reached the foot of the imposing Austrian ramparts, a long descent will begin, down to the steps from Castel San Pietro down to the <strong>Adige River<\/strong>. In the last part of the route, the lights of the city reflected on the river will accompany you to the magical <strong>San Zeno Square<\/strong>, ready to wait for all competitors.<\/p>\n<\/div><a class=\"fusion-modal-text-link\" href=\"#\"><iframe title=\"Asics Trail delle Mura\" src=\"https:\/\/www.youtube.com\/embed\/dU3XhU6VOEE?controls=0\" width=\"100%\" height=\"600px\" frameborder=\"0\" allowfullscreen=\"allowfullscreen\"><\/iframe><\/a><\/div><\/div><\/div><\/div><div class=\"fusion-fullwidth fullwidth-box fusion-builder-row-2 fusion-flex-container nonhundred-percent-fullwidth non-hundred-percent-height-scrolling\" style=\"--awb-border-radius-top-left:0px;--awb-border-radius-top-right:0px;--awb-border-radius-bottom-right:0px;--awb-border-radius-bottom-left:0px;--awb-flex-wrap:wrap;\" ><div class=\"fusion-builder-row fusion-row fusion-flex-align-items-flex-start fusion-flex-content-wrap\" style=\"max-width:1248px;margin-left: calc(-4% \/ 2 );margin-right: calc(-4% \/ 2 );\"><div class=\"fusion-layout-column fusion_builder_column fusion-builder-column-1 fusion_builder_column_1_1 1_1 fusion-flex-column\" style=\"--awb-bg-size:cover;--awb-width-large:100%;--awb-margin-top-large:0px;--awb-spacing-right-large:1.92%;--awb-margin-bottom-large:20px;--awb-spacing-left-large:1.92%;--awb-width-medium:100%;--awb-order-medium:0;--awb-spacing-right-medium:1.92%;--awb-spacing-left-medium:1.92%;--awb-width-small:100%;--awb-order-small:0;--awb-spacing-right-small:1.92%;--awb-spacing-left-small:1.92%;\"><div class=\"fusion-column-wrapper fusion-column-has-shadow fusion-flex-justify-content-flex-start fusion-content-layout-column\"><div class=\"awb-image-hotspots awb-image-hotspots-1\"><div class=\"awb-image-hotspots-wrapper\"><img decoding=\"async\" src=\"https:\/\/traildellemura.run\/wp-content\/uploads\/2022\/04\/trail-delle-mura_-punti-della-citta-di-verona.jpg\" alt=\"Asics Trail delle Mura\" width=\"1980\" height=\"600\" title=\"Asics Trail delle Mura\" class=\"awb-image-hotspots-image wp-image-440\" srcset=\"https:\/\/traildellemura.run\/wp-content\/uploads\/2022\/04\/trail-delle-mura_-punti-della-citta-di-verona-200x61.jpg 200w, https:\/\/traildellemura.run\/wp-content\/uploads\/2022\/04\/trail-delle-mura_-punti-della-citta-di-verona-300x91.jpg 300w, https:\/\/traildellemura.run\/wp-content\/uploads\/2022\/04\/trail-delle-mura_-punti-della-citta-di-verona-400x121.jpg 400w, https:\/\/traildellemura.run\/wp-content\/uploads\/2022\/04\/trail-delle-mura_-punti-della-citta-di-verona-600x182.jpg 600w, https:\/\/traildellemura.run\/wp-content\/uploads\/2022\/04\/trail-delle-mura_-punti-della-citta-di-verona-768x233.jpg 768w, https:\/\/traildellemura.run\/wp-content\/uploads\/2022\/04\/trail-delle-mura_-punti-della-citta-di-verona-800x242.jpg 800w, https:\/\/traildellemura.run\/wp-content\/uploads\/2022\/04\/trail-delle-mura_-punti-della-citta-di-verona-1024x310.jpg 1024w, https:\/\/traildellemura.run\/wp-content\/uploads\/2022\/04\/trail-delle-mura_-punti-della-citta-di-verona-1200x364.jpg 1200w, https:\/\/traildellemura.run\/wp-content\/uploads\/2022\/04\/trail-delle-mura_-punti-della-citta-di-verona-1536x465.jpg 1536w, https:\/\/traildellemura.run\/wp-content\/uploads\/2022\/04\/trail-delle-mura_-punti-della-citta-di-verona.jpg 1980w\" sizes=\"(max-width: 1980px) 100vw, 1980px\"\/><a style=\"--awb-hotspot-background-color:rgba(0,0,0,0);--awb-hotspot-hover-text-color:var(--awb-color6);--awb-hotspot-hover-background-color:rgba(0,0,0,0);--awb-pos-x:8.5%;--awb-pos-y:64.0%;\" class=\"awb-image-hotspots-hotspot awb-image-hotspots-hotspot-1\" role=\"button\" tabindex=\"0\" data-awb-toggle-image-hotspot-popover=\"true\" data-title=\"Basilica di San Zeno\" data-content=\"Uno dei capolavori del romanico lombardo.\" data-trigger=\"hover focus\" data-placement=\"auto\"> 1<\/a><a style=\"--awb-hotspot-background-color:rgba(0,0,0,0);--awb-hotspot-hover-text-color:var(--awb-color6);--awb-hotspot-hover-background-color:rgba(0,0,0,0);--awb-pos-x:13.5%;--awb-pos-y:64.0%;\" class=\"awb-image-hotspots-hotspot awb-image-hotspots-hotspot-2\" role=\"button\" tabindex=\"0\" data-awb-toggle-image-hotspot-popover=\"true\" data-title=\"Regaste di San Zeno\" data-content=\"Le &quot;regaste&quot;, in dialetto, un tratto di riva del fiume rialzato e difeso da un muro.\" data-trigger=\"hover focus\" data-placement=\"auto\"> 2<\/a><a style=\"--awb-hotspot-background-color:rgba(0,0,0,0);--awb-hotspot-hover-text-color:var(--awb-color6);--awb-hotspot-hover-background-color:rgba(0,0,0,0);--awb-pos-x:19.0%;--awb-pos-y:64.0%;\" class=\"awb-image-hotspots-hotspot awb-image-hotspots-hotspot-3\" role=\"button\" tabindex=\"0\" data-awb-toggle-image-hotspot-popover=\"true\" data-title=\"Castelvecchio\" data-content=\"Originariamente chiamato castello di San Martino in Aquaro, \u00e8 un fortino medievale risalente al 1354.\" data-trigger=\"hover focus\" data-placement=\"auto\"> 3<\/a><a style=\"--awb-hotspot-background-color:rgba(0,0,0,0);--awb-hotspot-hover-text-color:var(--awb-color6);--awb-hotspot-hover-background-color:rgba(0,0,0,0);--awb-pos-x:24.0%;--awb-pos-y:64.0%;\" class=\"awb-image-hotspots-hotspot awb-image-hotspots-hotspot-4\" role=\"button\" tabindex=\"0\" data-awb-toggle-image-hotspot-popover=\"true\" data-title=\"San Giorgio in Braida\" data-content=\"Caratterizzata da una cupola rinascimentale, disegnata dal famoso architetto veronese Michele Sanmicheli.\" data-trigger=\"hover focus\" data-placement=\"auto\"> 4<\/a><a style=\"--awb-hotspot-background-color:rgba(0,0,0,0);--awb-hotspot-hover-text-color:var(--awb-color6);--awb-hotspot-hover-background-color:rgba(0,0,0,0);--awb-pos-x:29.5%;--awb-pos-y:64.0%;\" class=\"awb-image-hotspots-hotspot awb-image-hotspots-hotspot-5\" role=\"button\" tabindex=\"0\" data-awb-toggle-image-hotspot-popover=\"true\" data-title=\"Le lasagne austriache\" data-content=\"Strette strade militari scavate nel tufo vivo, pavimentate con ciottoli e pietre, protette da alti muri; costruite dagli Austriaci per accedere ai forti sulle colline.\" data-trigger=\"hover focus\" data-placement=\"auto\"> 5<\/a><a style=\"--awb-hotspot-background-color:rgba(0,0,0,0);--awb-hotspot-hover-text-color:var(--awb-color6);--awb-hotspot-hover-background-color:rgba(0,0,0,0);--awb-pos-x:34.5%;--awb-pos-y:64.0%;\" class=\"awb-image-hotspots-hotspot awb-image-hotspots-hotspot-6\" role=\"button\" tabindex=\"0\" data-awb-toggle-image-hotspot-popover=\"true\" data-title=\"Forte San Mattia\" data-content=\"Originariamente chiamato Werk San Mattia, posizionato nella zona collinare che domina la citt\u00e0 di Verona tra la valle di Avesa e la Valdonega.\" data-trigger=\"hover focus\" data-placement=\"auto\"> 6<\/a><a style=\"--awb-hotspot-background-color:rgba(0,0,0,0);--awb-hotspot-hover-text-color:var(--awb-color6);--awb-hotspot-hover-background-color:rgba(0,0,0,0);--awb-pos-x:40.0%;--awb-pos-y:64.0%;\" class=\"awb-image-hotspots-hotspot awb-image-hotspots-hotspot-7\" role=\"button\" tabindex=\"0\" data-awb-toggle-image-hotspot-popover=\"true\" data-title=\"Sorgente Sommavalle\" data-content=\"Situata nella zona pi\u00f9 alta della valle Valdonega, subito a nord della citt\u00e0. La conformazione della fontana sembra risalire all\u2019epoca romana.\" data-trigger=\"hover focus\" data-placement=\"auto\"> 7<\/a><a style=\"--awb-hotspot-background-color:rgba(0,0,0,0);--awb-hotspot-hover-text-color:var(--awb-color6);--awb-hotspot-hover-background-color:rgba(0,0,0,0);--awb-pos-x:45.5%;--awb-pos-y:64.0%;\" class=\"awb-image-hotspots-hotspot awb-image-hotspots-hotspot-8\" role=\"button\" tabindex=\"0\" data-awb-toggle-image-hotspot-popover=\"true\" data-title=\"Strada castellana\" data-content=\"Uno dei percorsi pi\u00f9 frequentati dagli amanti delle passeggiate e della bicicletta.\" data-trigger=\"hover focus\" data-placement=\"auto\"> 8<\/a><a style=\"--awb-hotspot-background-color:rgba(0,0,0,0);--awb-hotspot-hover-text-color:var(--awb-color6);--awb-hotspot-hover-background-color:rgba(0,0,0,0);--awb-pos-x:50.5%;--awb-pos-y:64.0%;\" class=\"awb-image-hotspots-hotspot awb-image-hotspots-hotspot-9\" role=\"button\" tabindex=\"0\" data-awb-toggle-image-hotspot-popover=\"true\" data-title=\"Bastioni delle Mura\" data-content=\"In quanto opera di fortificazione meglio conservata in Europa, il Parco delle Mura \u00e8 dal 2000 uno dei siti dichiarati dall\u2019UNESCO Patrimonio dell\u2019Umanit\u00e0.\" data-trigger=\"hover focus\" data-placement=\"auto\"> 9<\/a><a style=\"--awb-hotspot-background-color:rgba(0,0,0,0);--awb-hotspot-hover-text-color:var(--awb-color6);--awb-hotspot-hover-background-color:rgba(0,0,0,0);--awb-pos-x:55.5%;--awb-pos-y:64.0%;\" class=\"awb-image-hotspots-hotspot awb-image-hotspots-hotspot-10\" role=\"button\" tabindex=\"0\" data-awb-toggle-image-hotspot-popover=\"true\" data-title=\"Fontana del ferro\" data-content=\"Dedicata al culto della dea Feronia o Fers, divinit\u00e0 della rinascita.\" data-trigger=\"hover focus\" data-placement=\"auto\"> 10<\/a><a style=\"--awb-hotspot-background-color:rgba(0,0,0,0);--awb-hotspot-hover-text-color:var(--awb-color6);--awb-hotspot-hover-background-color:rgba(0,0,0,0);--awb-pos-x:60.5%;--awb-pos-y:64.0%;\" class=\"awb-image-hotspots-hotspot awb-image-hotspots-hotspot-11\" role=\"button\" tabindex=\"0\" data-awb-toggle-image-hotspot-popover=\"true\" data-title=\"Castel San Pietro\" data-content=\"Situato in luogo strategico per il controllo del fiume Adige e dell&#039;intero territorio, il castello, distrutto nel periodo napoleonico, divenne caserma austriaca.\" data-trigger=\"hover focus\" data-placement=\"auto\"> 11<\/a><a style=\"--awb-hotspot-background-color:rgba(0,0,0,0);--awb-hotspot-hover-text-color:var(--awb-color6);--awb-hotspot-hover-background-color:rgba(0,0,0,0);--awb-pos-x:65.5%;--awb-pos-y:64.0%;\" class=\"awb-image-hotspots-hotspot awb-image-hotspots-hotspot-12\" role=\"button\" tabindex=\"0\" data-awb-toggle-image-hotspot-popover=\"true\" data-title=\"Ponte Pietra\" data-content=\"Il pi\u00f9 antico ponte di Verona, l&#039;unico rimasto di epoca romana.\" data-trigger=\"hover focus\" data-placement=\"auto\"> 12<\/a><a style=\"--awb-hotspot-background-color:rgba(0,0,0,0);--awb-hotspot-hover-text-color:var(--awb-color6);--awb-hotspot-hover-background-color:rgba(0,0,0,0);--awb-pos-x:71.0%;--awb-pos-y:64.0%;\" class=\"awb-image-hotspots-hotspot awb-image-hotspots-hotspot-13\" role=\"button\" tabindex=\"0\" data-awb-toggle-image-hotspot-popover=\"true\" data-title=\"Alzaia dell&#039;Adige\" data-content=\"La strada che corre lungo la riva del fiume, dalla quale si eseguiva il traino con animali delle barche che dovevano risalire il fiume per portare le merci.\" data-trigger=\"hover focus\" data-placement=\"auto\"> 13<\/a><a style=\"--awb-hotspot-background-color:rgba(0,0,0,0);--awb-hotspot-hover-text-color:var(--awb-color6);--awb-hotspot-hover-background-color:rgba(0,0,0,0);--awb-pos-x:76.5%;--awb-pos-y:64.0%;\" class=\"awb-image-hotspots-hotspot awb-image-hotspots-hotspot-14\" role=\"button\" tabindex=\"0\" data-awb-toggle-image-hotspot-popover=\"true\" data-title=\"Torre della catena\" data-content=\"La torre era parte del sistema difensivo scaligero: veniva utilizzata di notte per impedire alle imbarcazioni il contrabbando o per evitare atti militari ostili.\" data-trigger=\"hover focus\" data-placement=\"auto\"> 14<\/a><a style=\"--awb-hotspot-background-color:rgba(0,0,0,0);--awb-hotspot-hover-text-color:var(--awb-color6);--awb-hotspot-hover-background-color:rgba(0,0,0,0);--awb-pos-x:81.5%;--awb-pos-y:64.0%;\" class=\"awb-image-hotspots-hotspot awb-image-hotspots-hotspot-15\" role=\"button\" tabindex=\"0\" data-awb-toggle-image-hotspot-popover=\"true\" data-title=\"Porta Fura\" data-content=\"Fortificata con Cangrande della Scala, \u00e8 da considerarsi tra le pi\u00f9 antiche della citt\u00e0.\" data-trigger=\"hover focus\" data-placement=\"auto\"> 15<\/a><\/div><\/div><\/div><\/div><\/div><\/div><div class=\"fusion-fullwidth fullwidth-box fusion-builder-row-3 fusion-flex-container has-pattern-background has-mask-background nonhundred-percent-fullwidth non-hundred-percent-height-scrolling tdmwidth\" style=\"--awb-border-radius-top-left:0px;--awb-border-radius-top-right:0px;--awb-border-radius-bottom-right:0px;--awb-border-radius-bottom-left:0px;--awb-background-color:var(--awb-color2);--awb-flex-wrap:wrap;\" ><div class=\"fusion-builder-row fusion-row fusion-flex-align-items-flex-start fusion-flex-content-wrap\" style=\"max-width:1248px;margin-left: calc(-4% \/ 2 );margin-right: calc(-4% \/ 2 );\"><div class=\"fusion-layout-column fusion_builder_column fusion-builder-column-2 fusion_builder_column_1_1 1_1 fusion-flex-column\" style=\"--awb-bg-size:cover;--awb-width-large:100%;--awb-margin-top-large:0px;--awb-spacing-right-large:1.92%;--awb-margin-bottom-large:20px;--awb-spacing-left-large:1.92%;--awb-width-medium:100%;--awb-order-medium:0;--awb-spacing-right-medium:1.92%;--awb-spacing-left-medium:1.92%;--awb-width-small:100%;--awb-order-small:0;--awb-spacing-right-small:1.92%;--awb-spacing-left-small:1.92%;\" data-scroll-devices=\"small-visibility,medium-visibility,large-visibility\"><div class=\"fusion-column-wrapper fusion-column-has-shadow fusion-flex-justify-content-flex-start fusion-content-layout-column\"><div class=\"fusion-separator fusion-full-width-sep\" style=\"align-self: center;margin-left: auto;margin-right: auto;margin-top:30px;margin-bottom:20px;width:100%;\"><\/div><a class=\"fusion-modal-text-link\" href=\"#\"><iframe src=\"https:\/\/it.wikiloc.com\/wikiloc\/spatialArtifacts.do?event=view&amp;id=177972192&amp;measures=on&amp;elevation=on&amp;title=off&amp;near=on&amp;images=off&amp;maptype=H\" width=\"100%\" height=\"600px\" frameborder=\"0\" scrolling=\"no\"><\/iframe><\/a><div class=\"fusion-separator fusion-full-width-sep\" style=\"align-self: center;margin-left: auto;margin-right: auto;margin-top:30px;margin-bottom:20px;width:100%;\"><\/div><div style=\"text-align:center;\"><a class=\"fusion-button button-flat fusion-button-default-size button-default fusion-button-default button-1 fusion-button-default-span fusion-button-default-type\" target=\"_self\" href=\"https:\/\/traildellemura.run\/wp-content\/uploads\/gpx\/AsicsTrailDelleMura2024.gpx\"><span class=\"fusion-button-text awb-button__text awb-button__text--default\">Download the GPX<\/span><\/a><\/div><\/div><\/div><\/div><\/div><div class=\"fusion-fullwidth fullwidth-box fusion-builder-row-4 fusion-flex-container has-pattern-background has-mask-background nonhundred-percent-fullwidth non-hundred-percent-height-scrolling\" style=\"--awb-border-radius-top-left:0px;--awb-border-radius-top-right:0px;--awb-border-radius-bottom-right:0px;--awb-border-radius-bottom-left:0px;--awb-flex-wrap:wrap;\" ><div class=\"fusion-builder-row fusion-row fusion-flex-align-items-flex-start fusion-flex-content-wrap\" style=\"max-width:1248px;margin-left: calc(-4% \/ 2 );margin-right: calc(-4% \/ 2 );\"><div class=\"fusion-layout-column fusion_builder_column fusion-builder-column-3 fusion_builder_column_1_1 1_1 fusion-flex-column\" style=\"--awb-bg-size:cover;--awb-width-large:100%;--awb-margin-top-large:0px;--awb-spacing-right-large:1.92%;--awb-margin-bottom-large:20px;--awb-spacing-left-large:1.92%;--awb-width-medium:100%;--awb-order-medium:0;--awb-spacing-right-medium:1.92%;--awb-spacing-left-medium:1.92%;--awb-width-small:100%;--awb-order-small:0;--awb-spacing-right-small:1.92%;--awb-spacing-left-small:1.92%;\" data-scroll-devices=\"small-visibility,medium-visibility,large-visibility\"><div class=\"fusion-column-wrapper fusion-column-has-shadow fusion-flex-justify-content-flex-start fusion-content-layout-column\"><div class=\"fusion-separator fusion-full-width-sep\" style=\"align-self: center;margin-left: auto;margin-right: auto;margin-top:30px;margin-bottom:20px;width:100%;\"><\/div><div class=\"fusion-title title fusion-title-3 fusion-sep-none fusion-title-text fusion-title-size-two\" style=\"--awb-margin-top-small:10px;--awb-margin-right-small:0px;--awb-margin-bottom-small:10px;--awb-margin-left-small:0px;\"><h2 class=\"fusion-title-heading title-heading-left\" style=\"margin:0;\">Family Night Trail &#8211; non-competitive<\/h2><\/div><div class=\"fusion-separator fusion-full-width-sep\" style=\"align-self: center;margin-left: auto;margin-right: auto;margin-top:30px;margin-bottom:20px;width:100%;\"><\/div><a class=\"fusion-modal-text-link\" href=\"#\"><iframe src=\"https:\/\/it.wikiloc.com\/wikiloc\/spatialArtifacts.do?event=view&amp;id=177971505&amp;measures=on&amp;elevation=on&amp;title=off&amp;near=on&amp;images=off&amp;maptype=H\" width=\"100%\" height=\"600px\" frameborder=\"0\" scrolling=\"no\"><\/iframe><\/a><div style=\"text-align:center;\"><a class=\"fusion-button button-flat fusion-button-default-size button-default fusion-button-default button-2 fusion-button-default-span fusion-button-default-type\" target=\"_self\" href=\"https:\/\/traildellemura.run\/wp-content\/uploads\/gpx\/FamilyTrail-TraildelleMura.gpx\"><span class=\"fusion-button-text awb-button__text awb-button__text--default\">Download the GPX<\/span><\/a><\/div><\/div><\/div><\/div><\/div><\/p>\n","protected":false},"excerpt":{"rendered":"","protected":false},"author":1,"featured_media":0,"parent":0,"menu_order":0,"comment_status":"closed","ping_status":"closed","template":"","meta":{"footnotes":""},"class_list":["post-871","page","type-page","status-publish","hentry"],"yoast_head":"<!-- This site is optimized with the Yoast SEO plugin v27.2 - https:\/\/yoast.com\/product\/yoast-seo-wordpress\/ -->\n<title>Pathways - Trail delle Mura<\/title>\n<meta name=\"robots\" content=\"index, follow, max-snippet:-1, max-image-preview:large, max-video-preview:-1\" \/>\n<link rel=\"canonical\" href=\"https:\/\/traildellemura.run\/en\/pathways\/\" \/>\n<meta property=\"og:locale\" content=\"en_US\" \/>\n<meta property=\"og:type\" content=\"article\" \/>\n<meta property=\"og:title\" content=\"Pathways - Trail delle Mura\" \/>\n<meta property=\"og:url\" content=\"https:\/\/traildellemura.run\/en\/pathways\/\" \/>\n<meta property=\"og:site_name\" content=\"Trail delle Mura\" \/>\n<meta property=\"article:modified_time\" content=\"2024-11-13T16:35:40+00:00\" \/>\n<meta name=\"twitter:card\" content=\"summary_large_image\" \/>\n<meta name=\"twitter:label1\" content=\"Est. reading time\" \/>\n\t<meta name=\"twitter:data1\" content=\"32 minutes\" \/>\n<script type=\"application\/ld+json\" class=\"yoast-schema-graph\">{\"@context\":\"https:\/\/schema.org\",\"@graph\":[{\"@type\":\"WebPage\",\"@id\":\"https:\/\/traildellemura.run\/en\/pathways\/\",\"url\":\"https:\/\/traildellemura.run\/en\/pathways\/\",\"name\":\"Pathways - Trail delle Mura\",\"isPartOf\":{\"@id\":\"https:\/\/traildellemura.run\/en\/#website\"},\"datePublished\":\"2024-07-23T15:32:15+00:00\",\"dateModified\":\"2024-11-13T16:35:40+00:00\",\"breadcrumb\":{\"@id\":\"https:\/\/traildellemura.run\/en\/pathways\/#breadcrumb\"},\"inLanguage\":\"en-US\",\"potentialAction\":[{\"@type\":\"ReadAction\",\"target\":[\"https:\/\/traildellemura.run\/en\/pathways\/\"]}]},{\"@type\":\"BreadcrumbList\",\"@id\":\"https:\/\/traildellemura.run\/en\/pathways\/#breadcrumb\",\"itemListElement\":[{\"@type\":\"ListItem\",\"position\":1,\"name\":\"Home\",\"item\":\"https:\/\/traildellemura.run\/en\/asica-trail-delle-mura\/\"},{\"@type\":\"ListItem\",\"position\":2,\"name\":\"Pathways\"}]},{\"@type\":\"WebSite\",\"@id\":\"https:\/\/traildellemura.run\/en\/#website\",\"url\":\"https:\/\/traildellemura.run\/en\/\",\"name\":\"Trail delle Mura\",\"description\":\"Urban sulle mura della citt\u00e0 di Verona\",\"potentialAction\":[{\"@type\":\"SearchAction\",\"target\":{\"@type\":\"EntryPoint\",\"urlTemplate\":\"https:\/\/traildellemura.run\/en\/?s={search_term_string}\"},\"query-input\":{\"@type\":\"PropertyValueSpecification\",\"valueRequired\":true,\"valueName\":\"search_term_string\"}}],\"inLanguage\":\"en-US\"}]}<\/script>\n<!-- \/ Yoast SEO plugin. -->","yoast_head_json":{"title":"Pathways - Trail delle Mura","robots":{"index":"index","follow":"follow","max-snippet":"max-snippet:-1","max-image-preview":"max-image-preview:large","max-video-preview":"max-video-preview:-1"},"canonical":"https:\/\/traildellemura.run\/en\/pathways\/","og_locale":"en_US","og_type":"article","og_title":"Pathways - Trail delle Mura","og_url":"https:\/\/traildellemura.run\/en\/pathways\/","og_site_name":"Trail delle Mura","article_modified_time":"2024-11-13T16:35:40+00:00","twitter_card":"summary_large_image","twitter_misc":{"Est. reading time":"32 minutes"},"schema":{"@context":"https:\/\/schema.org","@graph":[{"@type":"WebPage","@id":"https:\/\/traildellemura.run\/en\/pathways\/","url":"https:\/\/traildellemura.run\/en\/pathways\/","name":"Pathways - Trail delle Mura","isPartOf":{"@id":"https:\/\/traildellemura.run\/en\/#website"},"datePublished":"2024-07-23T15:32:15+00:00","dateModified":"2024-11-13T16:35:40+00:00","breadcrumb":{"@id":"https:\/\/traildellemura.run\/en\/pathways\/#breadcrumb"},"inLanguage":"en-US","potentialAction":[{"@type":"ReadAction","target":["https:\/\/traildellemura.run\/en\/pathways\/"]}]},{"@type":"BreadcrumbList","@id":"https:\/\/traildellemura.run\/en\/pathways\/#breadcrumb","itemListElement":[{"@type":"ListItem","position":1,"name":"Home","item":"https:\/\/traildellemura.run\/en\/asica-trail-delle-mura\/"},{"@type":"ListItem","position":2,"name":"Pathways"}]},{"@type":"WebSite","@id":"https:\/\/traildellemura.run\/en\/#website","url":"https:\/\/traildellemura.run\/en\/","name":"Trail delle Mura","description":"Urban sulle mura della citt\u00e0 di Verona","potentialAction":[{"@type":"SearchAction","target":{"@type":"EntryPoint","urlTemplate":"https:\/\/traildellemura.run\/en\/?s={search_term_string}"},"query-input":{"@type":"PropertyValueSpecification","valueRequired":true,"valueName":"search_term_string"}}],"inLanguage":"en-US"}]}},"_links":{"self":[{"href":"https:\/\/traildellemura.run\/en\/wp-json\/wp\/v2\/pages\/871","targetHints":{"allow":["GET"]}}],"collection":[{"href":"https:\/\/traildellemura.run\/en\/wp-json\/wp\/v2\/pages"}],"about":[{"href":"https:\/\/traildellemura.run\/en\/wp-json\/wp\/v2\/types\/page"}],"author":[{"embeddable":true,"href":"https:\/\/traildellemura.run\/en\/wp-json\/wp\/v2\/users\/1"}],"replies":[{"embeddable":true,"href":"https:\/\/traildellemura.run\/en\/wp-json\/wp\/v2\/comments?post=871"}],"version-history":[{"count":2,"href":"https:\/\/traildellemura.run\/en\/wp-json\/wp\/v2\/pages\/871\/revisions"}],"predecessor-version":[{"id":873,"href":"https:\/\/traildellemura.run\/en\/wp-json\/wp\/v2\/pages\/871\/revisions\/873"}],"wp:attachment":[{"href":"https:\/\/traildellemura.run\/en\/wp-json\/wp\/v2\/media?parent=871"}],"curies":[{"name":"wp","href":"https:\/\/api.w.org\/{rel}","templated":true}]}}